{"id":40,"date":"2024-04-22T08:49:56","date_gmt":"2024-04-22T08:49:56","guid":{"rendered":"https:\/\/www.ceskachaloupka.cz\/?page_id=40"},"modified":"2024-04-23T17:15:52","modified_gmt":"2024-04-23T17:15:52","slug":"informace-k-ubytovani","status":"publish","type":"page","link":"https:\/\/www.ceskachaloupka.cz\/?page_id=40","title":{"rendered":"Informace k ubytov\u00e1n\u00ed"},"content":{"rendered":"\n<div class=\"wp-block-group alignfull has-base-2-background-color has-background has-global-padding is-layout-constrained wp-container-core-group-is-layout-669513ed wp-block-group-is-layout-constrained\" style=\"margin-top:0;margin-bottom:0;padding-top:var(--wp--preset--spacing--50);padding-right:var(--wp--preset--spacing--50);padding-bottom:var(--wp--preset--spacing--50);padding-left:var(--wp--preset--spacing--50)\">\n<div class=\"wp-block-group is-vertical is-content-justification-center is-layout-flex wp-container-core-group-is-layout-52b864f0 wp-block-group-is-layout-flex\">\n<h2 class=\"wp-block-heading has-text-align-center is-style-asterisk\">Je to takov\u00e9, jak\u00e9 to je&#8230;<\/h2>\n\n\n\n<div style=\"height:0px\" aria-hidden=\"true\" class=\"wp-block-spacer wp-container-content-4f2ccadb\"><\/div>\n\n\n\n<p class=\"has-text-align-center\">Klidn\u00e9 kr\u00e1sn\u00e9 m\u00edsto s du\u0161\u00ed. <\/p>\n<\/div>\n\n\n\n<div style=\"margin-top:0;margin-bottom:0;height:var(--wp--preset--spacing--40)\" aria-hidden=\"true\" class=\"wp-block-spacer\"><\/div>\n\n\n\n<div class=\"wp-block-columns alignwide is-layout-flex wp-container-core-columns-is-layout-d0bbbce0 wp-block-columns-is-layout-flex\">\n<div class=\"wp-block-column is-layout-flow wp-container-core-column-is-layout-e3d1c41b wp-block-column-is-layout-flow\">\n<h3 class=\"wp-block-heading has-text-align-left is-style-asterisk has-body-font-family has-medium-font-size\" style=\"font-style:normal;font-weight:600\">Renovujeme, jde to pomalu<\/h3>\n\n\n\n<p class=\"has-text-align-left\">Ur\u010dit\u011b potk\u00e1\u0161 spousty nedod\u011blan\u00fdch, rozd\u011blan\u00fdch nebo dokonce o\u0161kliv\u00fdch m\u00edst.<\/p>\n<\/div>\n\n\n\n<div class=\"wp-block-column is-layout-flow wp-container-core-column-is-layout-e3d1c41b wp-block-column-is-layout-flow\">\n<h3 class=\"wp-block-heading has-text-align-left is-style-asterisk has-body-font-family has-medium-font-size\" style=\"font-style:normal;font-weight:600\">Voda je pitn\u00e1<\/h3>\n\n\n\n<p class=\"has-text-align-left\">Jsme napojeni na ve\u0159ejn\u00fd vodovod, nen\u00ed se t\u0159eba b\u00e1t.<\/p>\n<\/div>\n\n\n\n<div class=\"wp-block-column is-layout-flow wp-container-core-column-is-layout-e3d1c41b wp-block-column-is-layout-flow\">\n<h3 class=\"wp-block-heading has-text-align-left is-style-asterisk has-body-font-family has-medium-font-size\" style=\"font-style:normal;font-weight:600\">Jsme r\u00e1di, \u017ee je<\/h3>\n\n\n\n<p class=\"has-text-align-left\">Z\u00e1chod m\u00e1me kr\u00e1sn\u00fd, vymazlen\u00fd, jen ob\u010das tro\u0161ku nelib\u011b von\u00ed.<\/p>\n\n\n\n<p>Do na\u0161eho WC pat\u0159\u00ed jen toaletn\u00ed pap\u00edr, co je na m\u00edst\u011b. A hlavn\u011b pros\u00edm \u017e\u00e1dn\u00e9 chemie, nebo zbytky od j\u00eddla. Zabilo by n\u00e1m to kamar\u00e1dky bakterie.<\/p>\n<\/div>\n<\/div>\n\n\n\n<div style=\"height:var(--wp--preset--spacing--20)\" aria-hidden=\"true\" class=\"wp-block-spacer\"><\/div>\n\n\n\n<div class=\"wp-block-columns alignwide is-layout-flex wp-container-core-columns-is-layout-d0bbbce0 wp-block-columns-is-layout-flex\">\n<div class=\"wp-block-column is-layout-flow wp-container-core-column-is-layout-e3d1c41b wp-block-column-is-layout-flow\">\n<h3 class=\"wp-block-heading has-text-align-left is-style-asterisk has-body-font-family has-medium-font-size\" style=\"font-style:normal;font-weight:600\">Soukrom\u00ed<\/h3>\n\n\n\n<p class=\"has-text-align-left\">Ob\u010das najde\u0161 n\u011bkde n\u011bco zam\u010den\u00e9ho. Je to bu\u010f o tom, \u017ee je to nebezpe\u010dn\u00e9 m\u00edsto (p\u016fda), a nebo proto\u017ee je to na\u0161e osobn\u00ed \u00fazem\u00ed \ud83d\ude42<\/p>\n<\/div>\n\n\n\n<div class=\"wp-block-column is-layout-flow wp-container-core-column-is-layout-e3d1c41b wp-block-column-is-layout-flow\">\n<h3 class=\"wp-block-heading has-text-align-left is-style-asterisk has-body-font-family has-medium-font-size\" style=\"font-style:normal;font-weight:600\">Nevyd\u011bl\u00e1v\u00e1me<\/h3>\n\n\n\n<p class=\"has-text-align-left\">Ne\u010dek\u00e1me za ubytov\u00e1n\u00ed pen\u00edze, kdy\u017e ale p\u0159isp\u011bje\u0161 na elekt\u0159inu co jsi spot\u0159eboval, budeme r\u00e1dy. <\/p>\n<\/div>\n\n\n\n<div class=\"wp-block-column is-layout-flow wp-container-core-column-is-layout-e3d1c41b wp-block-column-is-layout-flow\">\n<h3 class=\"wp-block-heading has-text-align-left is-style-asterisk has-body-font-family has-medium-font-size\" style=\"font-style:normal;font-weight:600\">U\u017eij si to s respektem<\/h3>\n\n\n\n<p class=\"has-text-align-left\">V\u0161e, co ti p\u016fj\u010d\u00edme k dovolen\u00e9, m\u00e1me r\u00e1dy, nezni\u010d n\u00e1m to pros\u00edm \ud83d\ude42<\/p>\n<\/div>\n<\/div>\n<\/div>\n\n\n\n<div class=\"wp-block-group is-vertical is-content-justification-center is-layout-flex wp-container-core-group-is-layout-838cd1cc wp-block-group-is-layout-flex\" style=\"padding-top:var(--wp--preset--spacing--40);padding-bottom:var(--wp--preset--spacing--50)\"><div class=\"is-default-size wp-block-site-logo\"><a href=\"https:\/\/www.ceskachaloupka.cz\/\" class=\"custom-logo-link\" rel=\"home\"><img loading=\"lazy\" decoding=\"async\" width=\"500\" height=\"500\" src=\"https:\/\/www.ceskachaloupka.cz\/wp-content\/uploads\/2024\/04\/Navrh-bez-nazvu-1.png\" class=\"custom-logo\" alt=\"u M\u016fry\" srcset=\"https:\/\/www.ceskachaloupka.cz\/wp-content\/uploads\/2024\/04\/Navrh-bez-nazvu-1.png 500w, https:\/\/www.ceskachaloupka.cz\/wp-content\/uploads\/2024\/04\/Navrh-bez-nazvu-1-300x300.png 300w, https:\/\/www.ceskachaloupka.cz\/wp-content\/uploads\/2024\/04\/Navrh-bez-nazvu-1-150x150.png 150w\" sizes=\"auto, (max-width: 500px) 100vw, 500px\" \/><\/a><\/div>\n\n<nav class=\"has-small-font-size items-justified-center wp-block-navigation is-content-justification-center is-layout-flex wp-container-core-navigation-is-layout-a89b3969 wp-block-navigation-is-layout-flex\" aria-label=\"Z\u00e1pat\u00ed navigace\">\n<div style=\"height:0px\" aria-hidden=\"true\" class=\"wp-block-spacer wp-container-content-6388d5dc\"><\/div>\n<\/nav>\n\n\n<p>velicenstvo.mura@gmail.com<\/p>\n\n\n\n<a href=\"https:\/\/reenio.cz\/cs\/redirect\/subjectpage\/GE3DSMBU\" class=\"reenio-reservation-btn\" target=\"_blank\" data-no-dialog=\"1\" style=\"color: #fff; background-color: #f05033; border-radius: 4px; font-family: Arial, Helvetica, sans-serif; font-weight: bold; display: inline-block; padding: 6px 12px; text-decoration: none;\">Rezervuj si sv\u016fj \u010das na kapsi\u010dku<\/a><script src=\"https:\/\/reenio.cz\/cs\/GE3DSMBU\/widget-reservation-btn.js\" async defer><\/script>\n\n\n\n<p class=\"has-text-align-center has-secondary-color has-text-color has-link-color has-small-font-size wp-elements-c04d1eb07621d3e55b93fd705b6e6bac\">\n\tDesigned with <a href=\"https:\/\/wordpress.org\" rel=\"nofollow\">WordPress<\/a>\t<\/p>\n<\/div>\n","protected":false},"excerpt":{"rendered":"<p>Je to takov\u00e9, jak\u00e9 to je&#8230; Klidn\u00e9 kr\u00e1sn\u00e9 m\u00edsto s du\u0161\u00ed. Renovujeme, jde to pomalu Ur\u010dit\u011b potk\u00e1\u0161 spousty nedod\u011blan\u00fdch, rozd\u011blan\u00fdch nebo dokonce o\u0161kliv\u00fdch m\u00edst. Voda je pitn\u00e1 Jsme napojeni na ve\u0159ejn\u00fd vodovod, nen\u00ed se t\u0159eba b\u00e1t. Jsme r\u00e1di, \u017ee je Z\u00e1chod m\u00e1me kr\u00e1sn\u00fd, vymazlen\u00fd, jen ob\u010das tro\u0161ku nelib\u011b von\u00ed. Do na\u0161eho WC pat\u0159\u00ed jen toaletn\u00ed [&hellip;]<\/p>\n","protected":false},"author":1,"featured_media":0,"parent":0,"menu_order":0,"comment_status":"closed","ping_status":"closed","template":"","meta":{"footnotes":""},"class_list":["post-40","page","type-page","status-publish","hentry"],"_links":{"self":[{"href":"https:\/\/www.ceskachaloupka.cz\/index.php?rest_route=\/wp\/v2\/pages\/40","targetHints":{"allow":["GET"]}}],"collection":[{"href":"https:\/\/www.ceskachaloupka.cz\/index.php?rest_route=\/wp\/v2\/pages"}],"about":[{"href":"https:\/\/www.ceskachaloupka.cz\/index.php?rest_route=\/wp\/v2\/types\/page"}],"author":[{"embeddable":true,"href":"https:\/\/www.ceskachaloupka.cz\/index.php?rest_route=\/wp\/v2\/users\/1"}],"replies":[{"embeddable":true,"href":"https:\/\/www.ceskachaloupka.cz\/index.php?rest_route=%2Fwp%2Fv2%2Fcomments&post=40"}],"version-history":[{"count":24,"href":"https:\/\/www.ceskachaloupka.cz\/index.php?rest_route=\/wp\/v2\/pages\/40\/revisions"}],"predecessor-version":[{"id":163,"href":"https:\/\/www.ceskachaloupka.cz\/index.php?rest_route=\/wp\/v2\/pages\/40\/revisions\/163"}],"wp:attachment":[{"href":"https:\/\/www.ceskachaloupka.cz\/index.php?rest_route=%2Fwp%2Fv2%2Fmedia&parent=40"}],"curies":[{"name":"wp","href":"https:\/\/api.w.org\/{rel}","templated":true}]}}