{"id":38,"date":"2024-04-22T08:49:09","date_gmt":"2024-04-22T08:49:09","guid":{"rendered":"https:\/\/www.ceskachaloupka.cz\/?page_id=38"},"modified":"2024-04-23T17:15:12","modified_gmt":"2024-04-23T17:15:12","slug":"co-tu-najdes","status":"publish","type":"page","link":"https:\/\/www.ceskachaloupka.cz\/?page_id=38","title":{"rendered":"Co tu najde\u0161"},"content":{"rendered":"\n<div class=\"wp-block-group alignfull has-global-padding is-layout-constrained wp-container-core-group-is-layout-b25ccd55 wp-block-group-is-layout-constrained\" style=\"margin-top:0;margin-bottom:0;padding-top:var(--wp--preset--spacing--50);padding-right:var(--wp--preset--spacing--50);padding-bottom:var(--wp--preset--spacing--50);padding-left:var(--wp--preset--spacing--50)\">\n<div class=\"wp-block-columns alignwide is-layout-flex wp-container-core-columns-is-layout-ff4b9c61 wp-block-columns-is-layout-flex\" style=\"margin-top:0;margin-bottom:0\">\n<div class=\"wp-block-column is-layout-flow wp-container-core-column-is-layout-8a368f38 wp-block-column-is-layout-flow\">\n<figure class=\"wp-block-image size-large is-resized is-style-rounded is-style-rounded--1\"><img loading=\"lazy\" decoding=\"async\" width=\"1024\" height=\"768\" src=\"http:\/\/www.ceskachaloupka.cz\/wp-content\/uploads\/2024\/04\/20200627_121905_Original-3-1024x768.jpeg\" alt=\"\" class=\"wp-image-91\" style=\"object-fit:cover;width:235px;height:auto\" srcset=\"https:\/\/www.ceskachaloupka.cz\/wp-content\/uploads\/2024\/04\/20200627_121905_Original-3-1024x768.jpeg 1024w, https:\/\/www.ceskachaloupka.cz\/wp-content\/uploads\/2024\/04\/20200627_121905_Original-3-300x225.jpeg 300w, https:\/\/www.ceskachaloupka.cz\/wp-content\/uploads\/2024\/04\/20200627_121905_Original-3-768x576.jpeg 768w, https:\/\/www.ceskachaloupka.cz\/wp-content\/uploads\/2024\/04\/20200627_121905_Original-3-1536x1152.jpeg 1536w, https:\/\/www.ceskachaloupka.cz\/wp-content\/uploads\/2024\/04\/20200627_121905_Original-3-2048x1536.jpeg 2048w\" sizes=\"auto, (max-width: 1024px) 100vw, 1024px\" \/><figcaption class=\"wp-element-caption\">V\u00fdhledy jsou lehce k\u00fd\u010dov\u00e1t\u00e9<\/figcaption><\/figure>\n\n\n\n<div style=\"height:var(--wp--preset--spacing--50)\" aria-hidden=\"true\" class=\"wp-block-spacer\"><\/div>\n\n\n\n<figure class=\"wp-block-image size-large is-style-rounded is-style-rounded--2\"><img loading=\"lazy\" decoding=\"async\" width=\"768\" height=\"1024\" src=\"http:\/\/www.ceskachaloupka.cz\/wp-content\/uploads\/2024\/04\/20190809_163129_Original-768x1024.jpeg\" alt=\"\" class=\"wp-image-89\" style=\"aspect-ratio:3\/4;object-fit:cover\" srcset=\"https:\/\/www.ceskachaloupka.cz\/wp-content\/uploads\/2024\/04\/20190809_163129_Original-768x1024.jpeg 768w, https:\/\/www.ceskachaloupka.cz\/wp-content\/uploads\/2024\/04\/20190809_163129_Original-225x300.jpeg 225w, https:\/\/www.ceskachaloupka.cz\/wp-content\/uploads\/2024\/04\/20190809_163129_Original-1152x1536.jpeg 1152w, https:\/\/www.ceskachaloupka.cz\/wp-content\/uploads\/2024\/04\/20190809_163129_Original-1536x2048.jpeg 1536w, https:\/\/www.ceskachaloupka.cz\/wp-content\/uploads\/2024\/04\/20190809_163129_Original-scaled.jpeg 1920w\" sizes=\"auto, (max-width: 768px) 100vw, 768px\" \/><\/figure>\n\n\n\n<div style=\"height:var(--wp--preset--spacing--50)\" aria-hidden=\"true\" class=\"wp-block-spacer\"><\/div>\n\n\n\n<figure class=\"wp-block-image size-large is-style-rounded is-style-rounded--3\"><img loading=\"lazy\" decoding=\"async\" width=\"1024\" height=\"768\" src=\"http:\/\/www.ceskachaloupka.cz\/wp-content\/uploads\/2024\/04\/20210905_101354_Original-1024x768.jpeg\" alt=\"\" class=\"wp-image-90\" style=\"aspect-ratio:3\/4;object-fit:cover\" srcset=\"https:\/\/www.ceskachaloupka.cz\/wp-content\/uploads\/2024\/04\/20210905_101354_Original-1024x768.jpeg 1024w, https:\/\/www.ceskachaloupka.cz\/wp-content\/uploads\/2024\/04\/20210905_101354_Original-300x225.jpeg 300w, https:\/\/www.ceskachaloupka.cz\/wp-content\/uploads\/2024\/04\/20210905_101354_Original-768x576.jpeg 768w, https:\/\/www.ceskachaloupka.cz\/wp-content\/uploads\/2024\/04\/20210905_101354_Original-1536x1152.jpeg 1536w, https:\/\/www.ceskachaloupka.cz\/wp-content\/uploads\/2024\/04\/20210905_101354_Original-2048x1536.jpeg 2048w\" sizes=\"auto, (max-width: 1024px) 100vw, 1024px\" \/><figcaption class=\"wp-element-caption\">Po\u010das\u00ed je tu p\u0159esn\u011b podle pan\u00e1\u010dka, jen nev\u00edme co to znamen\u00e1<\/figcaption><\/figure>\n<\/div>\n\n\n\n<div class=\"wp-block-column is-layout-flow wp-container-core-column-is-layout-8a368f38 wp-block-column-is-layout-flow\">\n<div style=\"height:var(--wp--preset--spacing--50)\" aria-hidden=\"true\" class=\"wp-block-spacer\"><\/div>\n\n\n\n<figure class=\"wp-block-image size-large is-style-rounded is-style-rounded--4\"><img loading=\"lazy\" decoding=\"async\" width=\"1024\" height=\"768\" src=\"http:\/\/www.ceskachaloupka.cz\/wp-content\/uploads\/2024\/04\/20200711_130254_Original-2-1024x768.jpeg\" alt=\"\" class=\"wp-image-27\" style=\"aspect-ratio:3\/4;object-fit:cover\" srcset=\"https:\/\/www.ceskachaloupka.cz\/wp-content\/uploads\/2024\/04\/20200711_130254_Original-2-1024x768.jpeg 1024w, https:\/\/www.ceskachaloupka.cz\/wp-content\/uploads\/2024\/04\/20200711_130254_Original-2-300x225.jpeg 300w, https:\/\/www.ceskachaloupka.cz\/wp-content\/uploads\/2024\/04\/20200711_130254_Original-2-768x576.jpeg 768w, https:\/\/www.ceskachaloupka.cz\/wp-content\/uploads\/2024\/04\/20200711_130254_Original-2-1536x1152.jpeg 1536w, https:\/\/www.ceskachaloupka.cz\/wp-content\/uploads\/2024\/04\/20200711_130254_Original-2-2048x1536.jpeg 2048w\" sizes=\"auto, (max-width: 1024px) 100vw, 1024px\" \/><\/figure>\n\n\n\n<div style=\"height:var(--wp--preset--spacing--50)\" aria-hidden=\"true\" class=\"wp-block-spacer\"><\/div>\n\n\n\n<figure class=\"wp-block-image size-large is-style-rounded is-style-rounded--5\"><img loading=\"lazy\" decoding=\"async\" width=\"1024\" height=\"768\" src=\"http:\/\/www.ceskachaloupka.cz\/wp-content\/uploads\/2024\/04\/20191027_145708_Original-1024x768.jpeg\" alt=\"\" class=\"wp-image-80\" style=\"aspect-ratio:1;object-fit:cover\" srcset=\"https:\/\/www.ceskachaloupka.cz\/wp-content\/uploads\/2024\/04\/20191027_145708_Original-1024x768.jpeg 1024w, https:\/\/www.ceskachaloupka.cz\/wp-content\/uploads\/2024\/04\/20191027_145708_Original-300x225.jpeg 300w, https:\/\/www.ceskachaloupka.cz\/wp-content\/uploads\/2024\/04\/20191027_145708_Original-768x576.jpeg 768w, https:\/\/www.ceskachaloupka.cz\/wp-content\/uploads\/2024\/04\/20191027_145708_Original-1536x1152.jpeg 1536w, https:\/\/www.ceskachaloupka.cz\/wp-content\/uploads\/2024\/04\/20191027_145708_Original-2048x1536.jpeg 2048w\" sizes=\"auto, (max-width: 1024px) 100vw, 1024px\" \/><figcaption class=\"wp-element-caption\">Centr\u00e1ln\u00ed m\u00edstnost<\/figcaption><\/figure>\n\n\n\n<div style=\"height:var(--wp--preset--spacing--50)\" aria-hidden=\"true\" class=\"wp-block-spacer\"><\/div>\n<\/div>\n\n\n\n<div class=\"wp-block-column is-layout-flow wp-container-core-column-is-layout-8a368f38 wp-block-column-is-layout-flow\">\n<figure class=\"wp-block-image size-large is-style-rounded is-style-rounded--6\"><img loading=\"lazy\" decoding=\"async\" width=\"572\" height=\"1024\" src=\"http:\/\/www.ceskachaloupka.cz\/wp-content\/uploads\/2024\/04\/20210918_111903_Original-scaled-e1713772949790-572x1024.jpeg\" alt=\"\" class=\"wp-image-15\" style=\"aspect-ratio:3\/4;object-fit:cover\" srcset=\"https:\/\/www.ceskachaloupka.cz\/wp-content\/uploads\/2024\/04\/20210918_111903_Original-scaled-e1713772949790-572x1024.jpeg 572w, https:\/\/www.ceskachaloupka.cz\/wp-content\/uploads\/2024\/04\/20210918_111903_Original-scaled-e1713772949790-167x300.jpeg 167w, https:\/\/www.ceskachaloupka.cz\/wp-content\/uploads\/2024\/04\/20210918_111903_Original-scaled-e1713772949790-768x1376.jpeg 768w, https:\/\/www.ceskachaloupka.cz\/wp-content\/uploads\/2024\/04\/20210918_111903_Original-scaled-e1713772949790-857x1536.jpeg 857w, https:\/\/www.ceskachaloupka.cz\/wp-content\/uploads\/2024\/04\/20210918_111903_Original-scaled-e1713772949790-1143x2048.jpeg 1143w, https:\/\/www.ceskachaloupka.cz\/wp-content\/uploads\/2024\/04\/20210918_111903_Original-scaled-e1713772949790.jpeg 1429w\" sizes=\"auto, (max-width: 572px) 100vw, 572px\" \/><\/figure>\n\n\n\n<div style=\"height:var(--wp--preset--spacing--50)\" aria-hidden=\"true\" class=\"wp-block-spacer\"><\/div>\n\n\n\n<figure class=\"wp-block-image size-large is-style-rounded is-style-rounded--7\"><img loading=\"lazy\" decoding=\"async\" width=\"768\" height=\"1024\" src=\"http:\/\/www.ceskachaloupka.cz\/wp-content\/uploads\/2024\/04\/20190807_184056_Original-768x1024.jpeg\" alt=\"\" class=\"wp-image-88\" style=\"aspect-ratio:3\/4;object-fit:cover\" srcset=\"https:\/\/www.ceskachaloupka.cz\/wp-content\/uploads\/2024\/04\/20190807_184056_Original-768x1024.jpeg 768w, https:\/\/www.ceskachaloupka.cz\/wp-content\/uploads\/2024\/04\/20190807_184056_Original-225x300.jpeg 225w, https:\/\/www.ceskachaloupka.cz\/wp-content\/uploads\/2024\/04\/20190807_184056_Original-1152x1536.jpeg 1152w, https:\/\/www.ceskachaloupka.cz\/wp-content\/uploads\/2024\/04\/20190807_184056_Original-1536x2048.jpeg 1536w, https:\/\/www.ceskachaloupka.cz\/wp-content\/uploads\/2024\/04\/20190807_184056_Original-scaled.jpeg 1920w\" sizes=\"auto, (max-width: 768px) 100vw, 768px\" \/><figcaption class=\"wp-element-caption\">Bu\u0159ty pros\u00edm venku na ohni\u0161ti<\/figcaption><\/figure>\n\n\n\n<div style=\"height:var(--wp--preset--spacing--50)\" aria-hidden=\"true\" class=\"wp-block-spacer\"><\/div>\n\n\n\n<figure class=\"wp-block-image size-large is-style-rounded is-style-rounded--8\"><img loading=\"lazy\" decoding=\"async\" width=\"1024\" height=\"576\" src=\"http:\/\/www.ceskachaloupka.cz\/wp-content\/uploads\/2024\/04\/20190316_105627_Original-1024x576.jpeg\" alt=\"\" class=\"wp-image-86\" style=\"aspect-ratio:16\/9;object-fit:cover\" srcset=\"https:\/\/www.ceskachaloupka.cz\/wp-content\/uploads\/2024\/04\/20190316_105627_Original-1024x576.jpeg 1024w, https:\/\/www.ceskachaloupka.cz\/wp-content\/uploads\/2024\/04\/20190316_105627_Original-300x169.jpeg 300w, https:\/\/www.ceskachaloupka.cz\/wp-content\/uploads\/2024\/04\/20190316_105627_Original-768x432.jpeg 768w, https:\/\/www.ceskachaloupka.cz\/wp-content\/uploads\/2024\/04\/20190316_105627_Original-1536x864.jpeg 1536w, https:\/\/www.ceskachaloupka.cz\/wp-content\/uploads\/2024\/04\/20190316_105627_Original-2048x1152.jpeg 2048w\" sizes=\"auto, (max-width: 1024px) 100vw, 1024px\" \/><figcaption class=\"wp-element-caption\">Te\u010f ten sprch\u00e1\u010d vypad\u00e1 opravdu l\u00edp<\/figcaption><\/figure>\n<\/div>\n\n\n\n<div class=\"wp-block-column is-layout-flow wp-container-core-column-is-layout-8a368f38 wp-block-column-is-layout-flow\">\n<div style=\"height:var(--wp--preset--spacing--50)\" aria-hidden=\"true\" class=\"wp-block-spacer\"><\/div>\n\n\n\n<figure class=\"wp-block-image size-large is-style-rounded is-style-rounded--9\"><img loading=\"lazy\" decoding=\"async\" width=\"768\" height=\"1024\" src=\"http:\/\/www.ceskachaloupka.cz\/wp-content\/uploads\/2024\/04\/1000006065-768x1024.jpeg\" alt=\"\" class=\"wp-image-50\" style=\"aspect-ratio:1;object-fit:cover\" srcset=\"https:\/\/www.ceskachaloupka.cz\/wp-content\/uploads\/2024\/04\/1000006065-768x1024.jpeg 768w, https:\/\/www.ceskachaloupka.cz\/wp-content\/uploads\/2024\/04\/1000006065-225x300.jpeg 225w, https:\/\/www.ceskachaloupka.cz\/wp-content\/uploads\/2024\/04\/1000006065-1152x1536.jpeg 1152w, https:\/\/www.ceskachaloupka.cz\/wp-content\/uploads\/2024\/04\/1000006065.jpeg 1200w\" sizes=\"auto, (max-width: 768px) 100vw, 768px\" \/><figcaption class=\"wp-element-caption\">Sn\u00edh? Tak ten se tu d\u00e1 taky sehnat<\/figcaption><\/figure>\n\n\n\n<div style=\"height:var(--wp--preset--spacing--50)\" aria-hidden=\"true\" class=\"wp-block-spacer\"><\/div>\n\n\n\n<figure class=\"wp-block-image size-large is-style-rounded is-style-rounded--10\"><img loading=\"lazy\" decoding=\"async\" width=\"576\" height=\"1024\" src=\"http:\/\/www.ceskachaloupka.cz\/wp-content\/uploads\/2024\/04\/20200711_113852_Original-1-edited-576x1024.jpeg\" alt=\"\" class=\"wp-image-49\" style=\"aspect-ratio:16\/9;object-fit:cover\" srcset=\"https:\/\/www.ceskachaloupka.cz\/wp-content\/uploads\/2024\/04\/20200711_113852_Original-1-edited-576x1024.jpeg 576w, https:\/\/www.ceskachaloupka.cz\/wp-content\/uploads\/2024\/04\/20200711_113852_Original-1-edited-169x300.jpeg 169w, https:\/\/www.ceskachaloupka.cz\/wp-content\/uploads\/2024\/04\/20200711_113852_Original-1-edited-768x1365.jpeg 768w, https:\/\/www.ceskachaloupka.cz\/wp-content\/uploads\/2024\/04\/20200711_113852_Original-1-edited-864x1536.jpeg 864w, https:\/\/www.ceskachaloupka.cz\/wp-content\/uploads\/2024\/04\/20200711_113852_Original-1-edited-1152x2048.jpeg 1152w, https:\/\/www.ceskachaloupka.cz\/wp-content\/uploads\/2024\/04\/20200711_113852_Original-1-edited-scaled.jpeg 1440w\" sizes=\"auto, (max-width: 576px) 100vw, 576px\" \/><figcaption class=\"wp-element-caption\">Lo\u017enice<\/figcaption><\/figure>\n\n\n\n<div style=\"height:var(--wp--preset--spacing--50)\" aria-hidden=\"true\" class=\"wp-block-spacer\"><\/div>\n\n\n\n<figure class=\"wp-block-image size-large is-style-rounded is-style-rounded--11\"><img loading=\"lazy\" decoding=\"async\" width=\"768\" height=\"1024\" src=\"http:\/\/www.ceskachaloupka.cz\/wp-content\/uploads\/2024\/04\/20200605_190339_Original-768x1024.jpeg\" alt=\"\" class=\"wp-image-92\" style=\"aspect-ratio:9\/16;object-fit:cover\" srcset=\"https:\/\/www.ceskachaloupka.cz\/wp-content\/uploads\/2024\/04\/20200605_190339_Original-768x1024.jpeg 768w, https:\/\/www.ceskachaloupka.cz\/wp-content\/uploads\/2024\/04\/20200605_190339_Original-225x300.jpeg 225w, https:\/\/www.ceskachaloupka.cz\/wp-content\/uploads\/2024\/04\/20200605_190339_Original-1152x1536.jpeg 1152w, https:\/\/www.ceskachaloupka.cz\/wp-content\/uploads\/2024\/04\/20200605_190339_Original-1536x2048.jpeg 1536w, https:\/\/www.ceskachaloupka.cz\/wp-content\/uploads\/2024\/04\/20200605_190339_Original-scaled.jpeg 1920w\" sizes=\"auto, (max-width: 768px) 100vw, 768px\" \/><figcaption class=\"wp-element-caption\">Jako volno\u010dasovou aktivitu doporu\u010dujeme vrh slim\u00e1kem<\/figcaption><\/figure>\n<\/div>\n<\/div>\n<\/div>\n\n\n\n<div class=\"wp-block-columns alignwide are-vertically-aligned-center is-layout-flex wp-container-core-columns-is-layout-28f84493 wp-block-columns-is-layout-flex\">\n<div class=\"wp-block-column is-vertically-aligned-center is-layout-flow wp-block-column-is-layout-flow\" style=\"flex-basis:100%\">\n<div class=\"wp-block-group is-vertical is-content-justification-center is-layout-flex wp-container-core-group-is-layout-838cd1cc wp-block-group-is-layout-flex\" style=\"padding-top:var(--wp--preset--spacing--40);padding-bottom:var(--wp--preset--spacing--50)\"><div class=\"is-default-size wp-block-site-logo\"><a href=\"https:\/\/www.ceskachaloupka.cz\/\" class=\"custom-logo-link\" rel=\"home\"><img loading=\"lazy\" decoding=\"async\" width=\"500\" height=\"500\" src=\"https:\/\/www.ceskachaloupka.cz\/wp-content\/uploads\/2024\/04\/Navrh-bez-nazvu-1.png\" class=\"custom-logo\" alt=\"u M\u016fry\" srcset=\"https:\/\/www.ceskachaloupka.cz\/wp-content\/uploads\/2024\/04\/Navrh-bez-nazvu-1.png 500w, https:\/\/www.ceskachaloupka.cz\/wp-content\/uploads\/2024\/04\/Navrh-bez-nazvu-1-300x300.png 300w, https:\/\/www.ceskachaloupka.cz\/wp-content\/uploads\/2024\/04\/Navrh-bez-nazvu-1-150x150.png 150w\" sizes=\"auto, (max-width: 500px) 100vw, 500px\" \/><\/a><\/div>\n\n<nav class=\"has-small-font-size items-justified-center wp-block-navigation is-content-justification-center is-layout-flex wp-container-core-navigation-is-layout-a89b3969 wp-block-navigation-is-layout-flex\" aria-label=\"Z\u00e1pat\u00ed navigace\">\n<div style=\"height:0px\" aria-hidden=\"true\" class=\"wp-block-spacer wp-container-content-6388d5dc\"><\/div>\n<\/nav>\n\n\n<p>velicenstvo.mura@gmail.com<\/p>\n\n\n\n<a href=\"https:\/\/reenio.cz\/cs\/redirect\/subjectpage\/GE3DSMBU\" class=\"reenio-reservation-btn\" target=\"_blank\" data-no-dialog=\"1\" style=\"color: #fff; background-color: #f05033; border-radius: 4px; font-family: Arial, Helvetica, sans-serif; font-weight: bold; display: inline-block; padding: 6px 12px; text-decoration: none;\">Rezervuj si sv\u016fj \u010das na kapsi\u010dku<\/a><script src=\"https:\/\/reenio.cz\/cs\/GE3DSMBU\/widget-reservation-btn.js\" async defer><\/script>\n\n\n\n<p class=\"has-text-align-center has-secondary-color has-text-color has-link-color has-small-font-size wp-elements-c04d1eb07621d3e55b93fd705b6e6bac\">\n\tDesigned with <a href=\"https:\/\/wordpress.org\" rel=\"nofollow\">WordPress<\/a>\t<\/p>\n<\/div>\n<\/div>\n<\/div>\n","protected":false},"excerpt":{"rendered":"<p>velicenstvo.mura@gmail.com Designed with WordPress<\/p>\n","protected":false},"author":1,"featured_media":0,"parent":0,"menu_order":0,"comment_status":"closed","ping_status":"closed","template":"","meta":{"footnotes":""},"class_list":["post-38","page","type-page","status-publish","hentry"],"_links":{"self":[{"href":"https:\/\/www.ceskachaloupka.cz\/index.php?rest_route=\/wp\/v2\/pages\/38","targetHints":{"allow":["GET"]}}],"collection":[{"href":"https:\/\/www.ceskachaloupka.cz\/index.php?rest_route=\/wp\/v2\/pages"}],"about":[{"href":"https:\/\/www.ceskachaloupka.cz\/index.php?rest_route=\/wp\/v2\/types\/page"}],"author":[{"embeddable":true,"href":"https:\/\/www.ceskachaloupka.cz\/index.php?rest_route=\/wp\/v2\/users\/1"}],"replies":[{"embeddable":true,"href":"https:\/\/www.ceskachaloupka.cz\/index.php?rest_route=%2Fwp%2Fv2%2Fcomments&post=38"}],"version-history":[{"count":9,"href":"https:\/\/www.ceskachaloupka.cz\/index.php?rest_route=\/wp\/v2\/pages\/38\/revisions"}],"predecessor-version":[{"id":162,"href":"https:\/\/www.ceskachaloupka.cz\/index.php?rest_route=\/wp\/v2\/pages\/38\/revisions\/162"}],"wp:attachment":[{"href":"https:\/\/www.ceskachaloupka.cz\/index.php?rest_route=%2Fwp%2Fv2%2Fmedia&parent=38"}],"curies":[{"name":"wp","href":"https:\/\/api.w.org\/{rel}","templated":true}]}}