{"id":165,"date":"2024-04-23T17:19:36","date_gmt":"2024-04-23T17:19:36","guid":{"rendered":"https:\/\/www.ceskachaloupka.cz\/?page_id=165"},"modified":"2024-04-23T17:19:36","modified_gmt":"2024-04-23T17:19:36","slug":"muj-a-taky-trochu-tvuj-cas-na-kapsicku","status":"publish","type":"page","link":"https:\/\/www.ceskachaloupka.cz\/?page_id=165","title":{"rendered":"M\u016fj (a taky trochu tv\u016fj) \u010das na kapsi\u010dku"},"content":{"rendered":"\n<div class=\"wp-block-group is-vertical is-content-justification-center is-layout-flex wp-container-core-group-is-layout-838cd1cc wp-block-group-is-layout-flex\" style=\"padding-top:var(--wp--preset--spacing--40);padding-bottom:var(--wp--preset--spacing--50)\"><div class=\"is-default-size wp-block-site-logo\"><a href=\"https:\/\/www.ceskachaloupka.cz\/\" class=\"custom-logo-link\" rel=\"home\"><img loading=\"lazy\" decoding=\"async\" width=\"500\" height=\"500\" src=\"https:\/\/www.ceskachaloupka.cz\/wp-content\/uploads\/2024\/04\/Navrh-bez-nazvu-1.png\" class=\"custom-logo\" alt=\"u M\u016fry\" srcset=\"https:\/\/www.ceskachaloupka.cz\/wp-content\/uploads\/2024\/04\/Navrh-bez-nazvu-1.png 500w, https:\/\/www.ceskachaloupka.cz\/wp-content\/uploads\/2024\/04\/Navrh-bez-nazvu-1-300x300.png 300w, https:\/\/www.ceskachaloupka.cz\/wp-content\/uploads\/2024\/04\/Navrh-bez-nazvu-1-150x150.png 150w\" sizes=\"auto, (max-width: 500px) 100vw, 500px\" \/><\/a><\/div>\n\n<nav class=\"has-small-font-size items-justified-center wp-block-navigation is-content-justification-center is-layout-flex wp-container-core-navigation-is-layout-a89b3969 wp-block-navigation-is-layout-flex\" aria-label=\"Z\u00e1pat\u00ed navigace\">\n<div style=\"height:0px\" aria-hidden=\"true\" class=\"wp-block-spacer wp-container-content-6388d5dc\"><\/div>\n<\/nav>\n\n\n<p>velicenstvo.mura@gmail.com<\/p>\n\n\n\n<a href=\"https:\/\/reenio.cz\/cs\/redirect\/subjectpage\/GE3DSMBU\" class=\"reenio-reservation-btn\" target=\"_blank\" data-no-dialog=\"1\" style=\"color: #fff; background-color: #f05033; border-radius: 4px; font-family: Arial, Helvetica, sans-serif; font-weight: bold; display: inline-block; padding: 6px 12px; text-decoration: none;\">Rezervuj si sv\u016fj \u010das na kapsi\u010dku<\/a><script src=\"https:\/\/reenio.cz\/cs\/GE3DSMBU\/widget-reservation-btn.js\" async defer><\/script>\n\n\n\n<p class=\"has-text-align-center has-secondary-color has-text-color has-link-color has-small-font-size wp-elements-17f685f7c5ac1d76d2b8e24cdb5b8451\"><\/p>\n<\/div>\n","protected":false},"excerpt":{"rendered":"<p>velicenstvo.mura@gmail.com<\/p>\n","protected":false},"author":1,"featured_media":0,"parent":0,"menu_order":0,"comment_status":"closed","ping_status":"closed","template":"","meta":{"footnotes":""},"class_list":["post-165","page","type-page","status-publish","hentry"],"_links":{"self":[{"href":"https:\/\/www.ceskachaloupka.cz\/index.php?rest_route=\/wp\/v2\/pages\/165","targetHints":{"allow":["GET"]}}],"collection":[{"href":"https:\/\/www.ceskachaloupka.cz\/index.php?rest_route=\/wp\/v2\/pages"}],"about":[{"href":"https:\/\/www.ceskachaloupka.cz\/index.php?rest_route=\/wp\/v2\/types\/page"}],"author":[{"embeddable":true,"href":"https:\/\/www.ceskachaloupka.cz\/index.php?rest_route=\/wp\/v2\/users\/1"}],"replies":[{"embeddable":true,"href":"https:\/\/www.ceskachaloupka.cz\/index.php?rest_route=%2Fwp%2Fv2%2Fcomments&post=165"}],"version-history":[{"count":1,"href":"https:\/\/www.ceskachaloupka.cz\/index.php?rest_route=\/wp\/v2\/pages\/165\/revisions"}],"predecessor-version":[{"id":166,"href":"https:\/\/www.ceskachaloupka.cz\/index.php?rest_route=\/wp\/v2\/pages\/165\/revisions\/166"}],"wp:attachment":[{"href":"https:\/\/www.ceskachaloupka.cz\/index.php?rest_route=%2Fwp%2Fv2%2Fmedia&parent=165"}],"curies":[{"name":"wp","href":"https:\/\/api.w.org\/{rel}","templated":true}]}}